{"id":28,"date":"2022-12-23T15:54:41","date_gmt":"2022-12-23T15:54:41","guid":{"rendered":"https:\/\/fourier.rwth-aachen.de\/?page_id=28"},"modified":"2025-02-18T11:18:46","modified_gmt":"2025-02-18T11:18:46","slug":"supervision","status":"publish","type":"page","link":"https:\/\/fourier.rwth-aachen.de\/?page_id=28","title":{"rendered":"Supervision"},"content":{"rendered":"\n<p>If you are interests in mathematics relates to my research interests, please contact me in case you are interested in writing a Bachelor\/Master thesis or even a PhD thesis.<\/p>\n\n\n\n<p>Current Phd students (former students are <a href=\"https:\/\/www.genealogy.math.ndsu.nodak.edu\/id.php?id=129936\" target=\"_blank\" rel=\"noreferrer noopener\">listed on math genealogy<\/a>)<\/p>\n\n\n\n<ul class=\"wp-block-list\">\n<li>Ibrahim Ahmad, Super degenerations and combinatorics<\/li>\n\n\n\n<li>Lars G\u00f6ttgens, PBW deformations<\/li>\n\n\n\n<li>Giulia Iezzi, Algebraic Properties of Quiver Grassmannians<\/li>\n\n\n\n<li>Felix R\u00f6hrich, Seshadri stratifcations and beyond<\/li>\n\n\n\n<li>Michael Schl\u00f6sser, Positive parts of linear degenerate flag varieties<\/li>\n\n\n\n<li>Yuhuai Zhou, Theta tensor norms and low rank recovery<\/li>\n<\/ul>\n\n\n\n<p>Master students<\/p>\n\n\n\n<p>Frederik Gutsche (2019), Dario Mathi\u00e4 (2019), Tom G\u00f6rtzen (2020), Darius Dramburg (2020), Michael Vaz (2020), Astrid Hagemeyer (2021), Alena Meyer (2022), Magdalena Reitzenstein (2023), Ibrahim Ahmad (2023), Michael Schl\u00f6sser (2024), Tabea L\u00fcker (2025)<\/p>\n\n\n\n<p>Bachelor students<\/p>\n\n\n\n<p>Wesle (2019), Schlang (2020), Reitzenstein (2020), Porschen (2021), Wilkosz (2021), Ahmad (2021), Rodriguez (2021), Schnelle (2021), Schl\u00f6\u00dfer (2021), Hompesch (2022), Boyaci (2022), van E\u00df (2022), Steinhoff (2023), L\u00fcker (2023), Fehre (2024), Gonzalez (2024), Reiche (2024), Cleusters (024), Butzheinen (2024), M\u00fcller (2024), D&#8217;Orsaneo (2024), Mertens (2024), Fornacon (2024), Lerner (2024), Heinen (2024), Erben (2024),<\/p>\n\n\n\n<p><\/p>\n","protected":false},"excerpt":{"rendered":"<p>If you are interests in mathematics relates to my research interests, please contact me in case you are interested in writing a Bachelor\/Master thesis or even a PhD thesis. Current Phd students (former students are listed on math genealogy) Master students Frederik Gutsche (2019), Dario Mathi\u00e4 (2019), Tom G\u00f6rtzen (2020), Darius Dramburg (2020), Michael Vaz &#8230; <a title=\"Supervision\" class=\"read-more\" href=\"https:\/\/fourier.rwth-aachen.de\/?page_id=28\" aria-label=\"More on Supervision\">Read more<\/a><\/p>\n","protected":false},"author":2,"featured_media":0,"parent":0,"menu_order":0,"comment_status":"closed","ping_status":"closed","template":"","meta":{"footnotes":""},"class_list":["post-28","page","type-page","status-publish"],"_links":{"self":[{"href":"https:\/\/fourier.rwth-aachen.de\/index.php?rest_route=\/wp\/v2\/pages\/28","targetHints":{"allow":["GET"]}}],"collection":[{"href":"https:\/\/fourier.rwth-aachen.de\/index.php?rest_route=\/wp\/v2\/pages"}],"about":[{"href":"https:\/\/fourier.rwth-aachen.de\/index.php?rest_route=\/wp\/v2\/types\/page"}],"author":[{"embeddable":true,"href":"https:\/\/fourier.rwth-aachen.de\/index.php?rest_route=\/wp\/v2\/users\/2"}],"replies":[{"embeddable":true,"href":"https:\/\/fourier.rwth-aachen.de\/index.php?rest_route=%2Fwp%2Fv2%2Fcomments&post=28"}],"version-history":[{"count":12,"href":"https:\/\/fourier.rwth-aachen.de\/index.php?rest_route=\/wp\/v2\/pages\/28\/revisions"}],"predecessor-version":[{"id":236,"href":"https:\/\/fourier.rwth-aachen.de\/index.php?rest_route=\/wp\/v2\/pages\/28\/revisions\/236"}],"wp:attachment":[{"href":"https:\/\/fourier.rwth-aachen.de\/index.php?rest_route=%2Fwp%2Fv2%2Fmedia&parent=28"}],"curies":[{"name":"wp","href":"https:\/\/api.w.org\/{rel}","templated":true}]}}